{"id":3,"date":"2026-05-04T22:09:12","date_gmt":"2026-05-04T22:09:12","guid":{"rendered":"https:\/\/tehran-market-cayizrpwqc.live-website.com\/?page_id=3"},"modified":"2026-05-09T09:47:08","modified_gmt":"2026-05-09T09:47:08","slug":"datenschutz","status":"publish","type":"page","link":"https:\/\/tehranmarket.de\/de\/datenschutz\/","title":{"rendered":"Datenschutz"},"content":{"rendered":"\n<h3 class=\"wp-block-heading\">Allgemeine Informationen<\/h3>\n\n\n\n<p>Wir nehmen den Schutz Ihrer pers\u00f6nlichen Daten sehr ernst. Ihre Daten werden vertraulich und gem\u00e4\u00df den gesetzlichen Datenschutzvorschriften behandelt.<\/p>\n\n\n\n<h3 class=\"wp-block-heading\">Welche Daten wir sammeln<\/h3>\n\n\n\n<p>Beim Besuch unseres Online-Shops k\u00f6nnen folgende Daten erfasst werden:<\/p>\n\n\n\n<ul class=\"wp-block-list\">\n<li>Name und Vorname<\/li>\n\n\n\n<li>Lieferadresse<\/li>\n\n\n\n<li>E-Mail-Adresse<\/li>\n\n\n\n<li>Telefonnummer<\/li>\n\n\n\n<li>Bestellinformationen<\/li>\n\n\n\n<li>IP-Adresse und Browserdaten<\/li>\n<\/ul>\n\n\n\n<p>Diese Daten werden ausschlie\u00dflich zur Bearbeitung Ihrer Bestellung verwendet.<\/p>\n\n\n\n<h3 class=\"wp-block-heading\">Zahlungsinformationen<\/h3>\n\n\n\n<p>Zahlungen in unserem Online-Shop erfolgen \u00fcber sichere Zahlungsanbieter. Wir speichern keine sensiblen Zahlungsdaten wie Kreditkarteninformationen.<\/p>\n\n\n\n<h3 class=\"wp-block-heading\">Cookies<\/h3>\n\n\n\n<p>Unsere Website verwendet Cookies, um die Benutzerfreundlichkeit zu verbessern und bestimmte Funktionen des Shops bereitzustellen.<\/p>\n\n\n\n<p>Sie k\u00f6nnen Cookies jederzeit in Ihren Browsereinstellungen deaktivieren.<\/p>\n\n\n\n<h3 class=\"wp-block-heading\">Ihre Rechte<\/h3>\n\n\n\n<p>Sie haben das Recht auf:<\/p>\n\n\n\n<ul class=\"wp-block-list\">\n<li>Auskunft \u00fcber Ihre gespeicherten Daten<\/li>\n\n\n\n<li>Berichtigung falscher Daten<\/li>\n\n\n\n<li>L\u00f6schung Ihrer Daten<\/li>\n\n\n\n<li>Einschr\u00e4nkung der Datenverarbeitung<\/li>\n<\/ul>\n\n\n\n<p>Bei Fragen k\u00f6nnen Sie uns jederzeit kontaktieren.<\/p>\n\n\n\n<h3 class=\"wp-block-heading\">Kontakt<\/h3>\n\n\n\n<p>Tehran Market<br>Seckenheimer Str. 4 68165 Mannheim <\/p>\n\n\n\n<p>Deutschland<\/p>\n\n\n\n<p>Telefon: +49 176 6375 3255<\/p>\n\n\n\n<p>E-Mail:&nbsp;<a>info@tehranmarket.de<\/a><\/p>\n\n\n\n<p><\/p>\n","protected":false},"excerpt":{"rendered":"<p>Allgemeine Informationen Wir nehmen den Schutz Ihrer pers\u00f6nlichen Daten sehr ernst. Ihre Daten werden vertraulich und gem\u00e4\u00df den gesetzlichen Datenschutzvorschriften behandelt. Welche Daten wir sammeln Beim Besuch unseres Online-Shops k\u00f6nnen folgende Daten erfasst werden: Diese Daten werden ausschlie\u00dflich zur Bearbeitung Ihrer Bestellung verwendet. Zahlungsinformationen Zahlungen in unserem Online-Shop erfolgen \u00fcber sichere Zahlungsanbieter. Wir speichern keine [&hellip;]<\/p>\n","protected":false},"author":1,"featured_media":0,"parent":0,"menu_order":0,"comment_status":"closed","ping_status":"open","template":"","meta":{"site-sidebar-layout":"default","site-content-layout":"","ast-site-content-layout":"default","site-content-style":"default","site-sidebar-style":"default","ast-global-header-display":"","ast-banner-title-visibility":"","ast-main-header-display":"","ast-hfb-above-header-display":"","ast-hfb-below-header-display":"","ast-hfb-mobile-header-display":"","site-post-title":"","ast-breadcrumbs-content":"","ast-featured-img":"","footer-sml-layout":"","ast-disable-related-posts":"","theme-transparent-header-meta":"","adv-header-id-meta":"","stick-header-meta":"","header-above-stick-meta":"","header-main-stick-meta":"","header-below-stick-meta":"","astra-migrate-meta-layouts":"set","ast-page-background-enabled":"default","ast-page-background-meta":{"desktop":{"background-color":"","background-image":"","background-repeat":"repeat","background-position":"center center","background-size":"auto","background-attachment":"scroll","background-type":"","background-media":"","overlay-type":"","overlay-color":"","overlay-opacity":"","overlay-gradient":""},"tablet":{"background-color":"","background-image":"","background-repeat":"repeat","background-position":"center center","background-size":"auto","background-attachment":"scroll","background-type":"","background-media":"","overlay-type":"","overlay-color":"","overlay-opacity":"","overlay-gradient":""},"mobile":{"background-color":"","background-image":"","background-repeat":"repeat","background-position":"center center","background-size":"auto","background-attachment":"scroll","background-type":"","background-media":"","overlay-type":"","overlay-color":"","overlay-opacity":"","overlay-gradient":""}},"ast-content-background-meta":{"desktop":{"background-color":"var(--ast-global-color-5)","background-image":"","background-repeat":"repeat","background-position":"center center","background-size":"auto","background-attachment":"scroll","background-type":"","background-media":"","overlay-type":"","overlay-color":"","overlay-opacity":"","overlay-gradient":""},"tablet":{"background-color":"var(--ast-global-color-5)","background-image":"","background-repeat":"repeat","background-position":"center center","background-size":"auto","background-attachment":"scroll","background-type":"","background-media":"","overlay-type":"","overlay-color":"","overlay-opacity":"","overlay-gradient":""},"mobile":{"background-color":"var(--ast-global-color-5)","background-image":"","background-repeat":"repeat","background-position":"center center","background-size":"auto","background-attachment":"scroll","background-type":"","background-media":"","overlay-type":"","overlay-color":"","overlay-opacity":"","overlay-gradient":""}},"footnotes":""},"class_list":["post-3","page","type-page","status-publish","hentry"],"_links":{"self":[{"href":"https:\/\/tehranmarket.de\/de\/wp-json\/wp\/v2\/pages\/3","targetHints":{"allow":["GET"]}}],"collection":[{"href":"https:\/\/tehranmarket.de\/de\/wp-json\/wp\/v2\/pages"}],"about":[{"href":"https:\/\/tehranmarket.de\/de\/wp-json\/wp\/v2\/types\/page"}],"author":[{"embeddable":true,"href":"https:\/\/tehranmarket.de\/de\/wp-json\/wp\/v2\/users\/1"}],"replies":[{"embeddable":true,"href":"https:\/\/tehranmarket.de\/de\/wp-json\/wp\/v2\/comments?post=3"}],"version-history":[{"count":20,"href":"https:\/\/tehranmarket.de\/de\/wp-json\/wp\/v2\/pages\/3\/revisions"}],"predecessor-version":[{"id":9153,"href":"https:\/\/tehranmarket.de\/de\/wp-json\/wp\/v2\/pages\/3\/revisions\/9153"}],"wp:attachment":[{"href":"https:\/\/tehranmarket.de\/de\/wp-json\/wp\/v2\/media?parent=3"}],"curies":[{"name":"wp","href":"https:\/\/api.w.org\/{rel}","templated":true}]}}