{"id":9147,"date":"2026-05-09T09:27:37","date_gmt":"2026-05-09T09:27:37","guid":{"rendered":"https:\/\/tehranmarket.de\/?page_id=9147"},"modified":"2026-05-09T09:48:04","modified_gmt":"2026-05-09T09:48:04","slug":"agb","status":"publish","type":"page","link":"https:\/\/tehranmarket.de\/de\/agb\/","title":{"rendered":"Allgemeine Gesch\u00e4ftsbedingungen (AGB)"},"content":{"rendered":"\n<ol class=\"wp-block-list\">\n<li><strong>Geltungsbereich<\/strong><br>Diese Allgemeinen Gesch\u00e4ftsbedingungen gelten f\u00fcr alle Bestellungen \u00fcber unseren Online-Shop.<\/li>\n\n\n\n<li><strong>Vertragspartner<\/strong><br>Tehran Market<br>Majid Faraji<\/li>\n\n\n\n<li><strong>Preise<\/strong><br>Alle Preise verstehen sich inklusive gesetzlicher Mehrwertsteuer.<\/li>\n\n\n\n<li><strong>Lieferung<\/strong><br>Die Lieferung erfolgt an die vom Kunden angegebene Adresse.<\/li>\n\n\n\n<li><strong>Zahlung<\/strong><br>Die Zahlung erfolgt \u00fcber die angebotenen Zahlungsmethoden.<\/li>\n\n\n\n<li><strong>Widerrufsrecht<\/strong><br>Kunden haben das gesetzliche Widerrufsrecht gem\u00e4\u00df den geltenden Vorschriften.<\/li>\n\n\n\n<li><strong>Haftung<\/strong><br>F\u00fcr Sch\u00e4den haften wir nur bei Vorsatz oder grober Fahrl\u00e4ssigkeit.<\/li>\n<\/ol>\n","protected":false},"excerpt":{"rendered":"","protected":false},"author":1,"featured_media":0,"parent":0,"menu_order":0,"comment_status":"closed","ping_status":"closed","template":"","meta":{"site-sidebar-layout":"default","site-content-layout":"","ast-site-content-layout":"default","site-content-style":"default","site-sidebar-style":"default","ast-global-header-display":"","ast-banner-title-visibility":"","ast-main-header-display":"","ast-hfb-above-header-display":"","ast-hfb-below-header-display":"","ast-hfb-mobile-header-display":"","site-post-title":"","ast-breadcrumbs-content":"","ast-featured-img":"","footer-sml-layout":"","ast-disable-related-posts":"","theme-transparent-header-meta":"","adv-header-id-meta":"","stick-header-meta":"","header-above-stick-meta":"","header-main-stick-meta":"","header-below-stick-meta":"","astra-migrate-meta-layouts":"set","ast-page-background-enabled":"default","ast-page-background-meta":{"desktop":{"background-color":"","background-image":"","background-repeat":"repeat","background-position":"center center","background-size":"auto","background-attachment":"scroll","background-type":"","background-media":"","overlay-type":"","overlay-color":"","overlay-opacity":"","overlay-gradient":""},"tablet":{"background-color":"","background-image":"","background-repeat":"repeat","background-position":"center center","background-size":"auto","background-attachment":"scroll","background-type":"","background-media":"","overlay-type":"","overlay-color":"","overlay-opacity":"","overlay-gradient":""},"mobile":{"background-color":"","background-image":"","background-repeat":"repeat","background-position":"center center","background-size":"auto","background-attachment":"scroll","background-type":"","background-media":"","overlay-type":"","overlay-color":"","overlay-opacity":"","overlay-gradient":""}},"ast-content-background-meta":{"desktop":{"background-color":"var(--ast-global-color-5)","background-image":"","background-repeat":"repeat","background-position":"center center","background-size":"auto","background-attachment":"scroll","background-type":"","background-media":"","overlay-type":"","overlay-color":"","overlay-opacity":"","overlay-gradient":""},"tablet":{"background-color":"var(--ast-global-color-5)","background-image":"","background-repeat":"repeat","background-position":"center center","background-size":"auto","background-attachment":"scroll","background-type":"","background-media":"","overlay-type":"","overlay-color":"","overlay-opacity":"","overlay-gradient":""},"mobile":{"background-color":"var(--ast-global-color-5)","background-image":"","background-repeat":"repeat","background-position":"center center","background-size":"auto","background-attachment":"scroll","background-type":"","background-media":"","overlay-type":"","overlay-color":"","overlay-opacity":"","overlay-gradient":""}},"footnotes":""},"class_list":["post-9147","page","type-page","status-publish","hentry"],"_links":{"self":[{"href":"https:\/\/tehranmarket.de\/de\/wp-json\/wp\/v2\/pages\/9147","targetHints":{"allow":["GET"]}}],"collection":[{"href":"https:\/\/tehranmarket.de\/de\/wp-json\/wp\/v2\/pages"}],"about":[{"href":"https:\/\/tehranmarket.de\/de\/wp-json\/wp\/v2\/types\/page"}],"author":[{"embeddable":true,"href":"https:\/\/tehranmarket.de\/de\/wp-json\/wp\/v2\/users\/1"}],"replies":[{"embeddable":true,"href":"https:\/\/tehranmarket.de\/de\/wp-json\/wp\/v2\/comments?post=9147"}],"version-history":[{"count":2,"href":"https:\/\/tehranmarket.de\/de\/wp-json\/wp\/v2\/pages\/9147\/revisions"}],"predecessor-version":[{"id":9149,"href":"https:\/\/tehranmarket.de\/de\/wp-json\/wp\/v2\/pages\/9147\/revisions\/9149"}],"wp:attachment":[{"href":"https:\/\/tehranmarket.de\/de\/wp-json\/wp\/v2\/media?parent=9147"}],"curies":[{"name":"wp","href":"https:\/\/api.w.org\/{rel}","templated":true}]}}