{"id":3,"date":"2026-05-04T22:09:12","date_gmt":"2026-05-04T22:09:12","guid":{"rendered":"https:\/\/tehran-market-cayizrpwqc.live-website.com\/?page_id=3"},"modified":"2026-05-09T09:47:08","modified_gmt":"2026-05-09T09:47:08","slug":"datenschutz","status":"publish","type":"page","link":"https:\/\/tehranmarket.de\/fa\/datenschutz\/","title":{"rendered":"\u062d\u0631\u06cc\u0645 \u062e\u0635\u0648\u0635\u06cc"},"content":{"rendered":"<h3 class=\"wp-block-heading\">\u0627\u0637\u0644\u0627\u0639\u0627\u062a \u0639\u0645\u0648\u0645\u06cc<\/h3>\n\n\n\n<p>\u0645\u0627 \u062d\u0641\u0627\u0638\u062a \u0627\u0632 \u0627\u0637\u0644\u0627\u0639\u0627\u062a \u0634\u062e\u0635\u06cc \u0634\u0645\u0627 \u0631\u0627 \u0628\u0633\u06cc\u0627\u0631 \u062c\u062f\u06cc \u0645\u06cc\u200c\u06af\u06cc\u0631\u06cc\u0645. \u0627\u0637\u0644\u0627\u0639\u0627\u062a \u0634\u0645\u0627 \u0645\u062d\u0631\u0645\u0627\u0646\u0647 \u0628\u0648\u062f\u0647 \u0648 \u0645\u0637\u0627\u0628\u0642 \u0628\u0627 \u0642\u0648\u0627\u0646\u06cc\u0646 \u062d\u0641\u0627\u0638\u062a \u0627\u0632 \u062f\u0627\u062f\u0647\u200c\u0647\u0627 \u0646\u06af\u0647\u062f\u0627\u0631\u06cc \u0648 \u067e\u0631\u062f\u0627\u0632\u0634 \u0645\u06cc\u200c\u0634\u0648\u062f.<\/p>\n\n\n\n<h3 class=\"wp-block-heading\">\u0686\u0647 \u0627\u0637\u0644\u0627\u0639\u0627\u062a\u06cc \u0631\u0627 \u062c\u0645\u0639\u200c\u0622\u0648\u0631\u06cc \u0645\u06cc\u200c\u06a9\u0646\u06cc\u0645<\/h3>\n\n\n\n<p>\u0647\u0646\u06af\u0627\u0645 \u0628\u0627\u0632\u062f\u06cc\u062f \u0627\u0632 \u0641\u0631\u0648\u0634\u06af\u0627\u0647 \u0622\u0646\u0644\u0627\u06cc\u0646 \u0645\u0627\u060c \u0645\u0645\u06a9\u0646 \u0627\u0633\u062a \u0627\u0637\u0644\u0627\u0639\u0627\u062a \u0632\u06cc\u0631 \u062c\u0645\u0639\u200c\u0622\u0648\u0631\u06cc \u0634\u0648\u062f:<\/p>\n\n\n\n<ul class=\"wp-block-list\">\n<li>\u0646\u0627\u0646\u0645 \u0648 \u0646\u0627\u0645 \u062e\u0627\u0646\u0648\u0627\u062f\u06af\u06cc<\/li>\n\n\n\n<li>\u0622\u062f\u0631\u0633 \u062a\u062d\u0648\u06cc\u0644<\/li>\n\n\n\n<li>\u0622\u062f\u0631\u0633 \u0627\u06cc\u0645\u06cc\u0644<\/li>\n\n\n\n<li>\u0634\u0645\u0627\u0631\u0647 \u062a\u0644\u0641\u0646<\/li>\n\n\n\n<li>\u0627\u0637\u0644\u0627\u0639\u0627\u062a \u0633\u0641\u0627\u0631\u0634<\/li>\n\n\n\n<li>\u0622\u062f\u0631\u0633 IP \u0648 \u0627\u0637\u0644\u0627\u0639\u0627\u062a \u0645\u0631\u0648\u0631\u06af\u0631<\/li>\n<\/ul>\n\n\n\n<p>\u0627\u06cc\u0646 \u0627\u0637\u0644\u0627\u0639\u0627\u062a \u0635\u0631\u0641\u0627\u064b \u0628\u0631\u0627\u06cc \u067e\u0631\u062f\u0627\u0632\u0634 \u0648 \u0627\u0646\u062c\u0627\u0645 \u0633\u0641\u0627\u0631\u0634 \u0634\u0645\u0627 \u0627\u0633\u062a\u0641\u0627\u062f\u0647 \u0645\u06cc\u200c\u0634\u0648\u0646\u062f.<\/p>\n\n\n\n<h3 class=\"wp-block-heading\">\u0627\u0637\u0644\u0627\u0639\u0627\u062a \u067e\u0631\u062f\u0627\u062e\u062a<\/h3>\n\n\n\n<p>\u067e\u0631\u062f\u0627\u062e\u062a\u200c\u0647\u0627 \u062f\u0631 \u0641\u0631\u0648\u0634\u06af\u0627\u0647 \u0622\u0646\u0644\u0627\u06cc\u0646 \u0645\u0627 \u0627\u0632 \u0637\u0631\u06cc\u0642 \u0627\u0631\u0627\u0626\u0647\u200c\u062f\u0647\u0646\u062f\u06af\u0627\u0646 \u0627\u0645\u0646 \u062e\u062f\u0645\u0627\u062a \u067e\u0631\u062f\u0627\u062e\u062a \u0627\u0646\u062c\u0627\u0645 \u0645\u06cc\u200c\u0634\u0648\u062f. \u0645\u0627 \u0647\u06cc\u0686\u200c\u06af\u0648\u0646\u0647 \u0627\u0637\u0644\u0627\u0639\u0627\u062a \u062d\u0633\u0627\u0633 \u067e\u0631\u062f\u0627\u062e\u062a\u060c \u0645\u0627\u0646\u0646\u062f \u0627\u0637\u0644\u0627\u0639\u0627\u062a \u06a9\u0627\u0631\u062a \u0628\u0627\u0646\u06a9\u06cc \u06cc\u0627 \u06a9\u0627\u0631\u062a \u0627\u0639\u062a\u0628\u0627\u0631\u06cc\u060c \u0631\u0627 \u0630\u062e\u06cc\u0631\u0647 \u0646\u0645\u06cc\u200c\u06a9\u0646\u06cc\u0645.<\/p>\n\n\n\n<h3 class=\"wp-block-heading\">\u06a9\u0648\u06a9\u06cc\u200c\u0647\u0627<\/h3>\n\n\n\n<p>\u0648\u0628\u200c\u0633\u0627\u06cc\u062a \u0645\u0627 \u0627\u0632 \u06a9\u0648\u06a9\u06cc\u200c\u0647\u0627 \u0628\u0631\u0627\u06cc \u0628\u0647\u0628\u0648\u062f \u062a\u062c\u0631\u0628\u0647 \u06a9\u0627\u0631\u0628\u0631\u06cc \u0648 \u0627\u0631\u0627\u0626\u0647 \u0628\u0647\u062a\u0631 \u0628\u0631\u062e\u06cc \u0627\u0645\u06a9\u0627\u0646\u0627\u062a \u0641\u0631\u0648\u0634\u06af\u0627\u0647 \u0627\u0633\u062a\u0641\u0627\u062f\u0647 \u0645\u06cc\u200c\u06a9\u0646\u062f.<\/p>\n\n\n\n<p>\u0634\u0645\u0627 \u0645\u06cc\u200c\u062a\u0648\u0627\u0646\u06cc\u062f \u062f\u0631 \u0647\u0631 \u0632\u0645\u0627\u0646 \u06a9\u0648\u06a9\u06cc\u200c\u0647\u0627 \u0631\u0627 \u0627\u0632 \u0637\u0631\u06cc\u0642 \u062a\u0646\u0638\u06cc\u0645\u0627\u062a \u0645\u0631\u0648\u0631\u06af\u0631 \u062e\u0648\u062f \u063a\u06cc\u0631\u0641\u0639\u0627\u0644 \u06a9\u0646\u06cc\u062f.<\/p>\n\n\n\n<h3 class=\"wp-block-heading\">\u062d\u0642\u0648\u0642 \u0634\u0645\u0627<\/h3>\n\n\n\n<p>\u0634\u0645\u0627 \u062d\u0642 \u062f\u0627\u0631\u06cc\u062f:<\/p>\n\n\n\n<ul class=\"wp-block-list\">\n<li>\u0627\u0632 \u0627\u0637\u0644\u0627\u0639\u0627\u062a \u0630\u062e\u06cc\u0631\u0647\u200c\u0634\u062f\u0647 \u062e\u0648\u062f \u0645\u0637\u0644\u0639 \u0634\u0648\u06cc\u062f<\/li>\n\n\n\n<li>\u0627\u0637\u0644\u0627\u0639\u0627\u062a \u0646\u0627\u062f\u0631\u0633\u062a \u062e\u0648\u062f \u0631\u0627 \u0627\u0635\u0644\u0627\u062d \u06a9\u0646\u06cc\u062f<\/li>\n\n\n\n<li>\u062f\u0631\u062e\u0648\u0627\u0633\u062a \u062d\u0630\u0641 \u0627\u0637\u0644\u0627\u0639\u0627\u062a \u062e\u0648\u062f \u0631\u0627 \u0628\u062f\u0647\u06cc\u062f<\/li>\n\n\n\n<li>\u067e\u0631\u062f\u0627\u0632\u0634 \u0627\u0637\u0644\u0627\u0639\u0627\u062a \u062e\u0648\u062f \u0631\u0627 \u0645\u062d\u062f\u0648\u062f \u06a9\u0646\u06cc\u062f<\/li>\n<\/ul>\n\n\n\n<p>\u062f\u0631 \u0635\u0648\u0631\u062a \u062f\u0627\u0634\u062a\u0646 \u0647\u0631\u06af\u0648\u0646\u0647 \u0633\u0624\u0627\u0644\u060c \u0645\u06cc\u200c\u062a\u0648\u0627\u0646\u06cc\u062f \u062f\u0631 \u0647\u0631 \u0632\u0645\u0627\u0646 \u0628\u0627 \u0645\u0627 \u062a\u0645\u0627\u0633 \u0628\u06af\u06cc\u0631\u06cc\u062f.<\/p>\n\n\n\n<h3 class=\"wp-block-heading\">\u062a\u0645\u0627\u0633 \u0628\u0627 \u0645\u0627<\/h3>\n\n\n\n<p>\u062a\u0647\u0631\u0627\u0646 \u0645\u0627\u0631\u06a9\u062a<br>Seckenheimer Str. 4 68165 Mannheim <\/p>\n\n\n\n<p>\u0627\u0644\u0645\u0627\u0646<\/p>\n\n\n\n<p>\u062a\u0644\u0641\u0646 : + \u06f4\u06f9 \u06f1\u06f7\u06f6 \u06f6\u06f3\u06f7\u06f5\u06f3\u06f2\u06f5\u06f5<\/p>\n\n\n\n<p>\u0627\u06cc\u0645\u06cc\u0644 :&nbsp;<a>info@tehranmarket.de<\/a><\/p>\n\n\n\n<p><\/p>","protected":false},"excerpt":{"rendered":"<p>Allgemeine Informationen Wir nehmen den Schutz Ihrer pers\u00f6nlichen Daten sehr ernst. Ihre Daten werden vertraulich und gem\u00e4\u00df den gesetzlichen Datenschutzvorschriften behandelt. Welche Daten wir sammeln Beim Besuch unseres Online-Shops k\u00f6nnen folgende Daten erfasst werden: Diese Daten werden ausschlie\u00dflich zur Bearbeitung Ihrer Bestellung verwendet. Zahlungsinformationen Zahlungen in unserem Online-Shop erfolgen \u00fcber sichere Zahlungsanbieter. Wir speichern keine [&hellip;]<\/p>\n","protected":false},"author":1,"featured_media":0,"parent":0,"menu_order":0,"comment_status":"closed","ping_status":"open","template":"","meta":{"site-sidebar-layout":"default","site-content-layout":"","ast-site-content-layout":"default","site-content-style":"default","site-sidebar-style":"default","ast-global-header-display":"","ast-banner-title-visibility":"","ast-main-header-display":"","ast-hfb-above-header-display":"","ast-hfb-below-header-display":"","ast-hfb-mobile-header-display":"","site-post-title":"","ast-breadcrumbs-content":"","ast-featured-img":"","footer-sml-layout":"","ast-disable-related-posts":"","theme-transparent-header-meta":"","adv-header-id-meta":"","stick-header-meta":"","header-above-stick-meta":"","header-main-stick-meta":"","header-below-stick-meta":"","astra-migrate-meta-layouts":"set","ast-page-background-enabled":"default","ast-page-background-meta":{"desktop":{"background-color":"","background-image":"","background-repeat":"repeat","background-position":"center center","background-size":"auto","background-attachment":"scroll","background-type":"","background-media":"","overlay-type":"","overlay-color":"","overlay-opacity":"","overlay-gradient":""},"tablet":{"background-color":"","background-image":"","background-repeat":"repeat","background-position":"center center","background-size":"auto","background-attachment":"scroll","background-type":"","background-media":"","overlay-type":"","overlay-color":"","overlay-opacity":"","overlay-gradient":""},"mobile":{"background-color":"","background-image":"","background-repeat":"repeat","background-position":"center center","background-size":"auto","background-attachment":"scroll","background-type":"","background-media":"","overlay-type":"","overlay-color":"","overlay-opacity":"","overlay-gradient":""}},"ast-content-background-meta":{"desktop":{"background-color":"var(--ast-global-color-5)","background-image":"","background-repeat":"repeat","background-position":"center center","background-size":"auto","background-attachment":"scroll","background-type":"","background-media":"","overlay-type":"","overlay-color":"","overlay-opacity":"","overlay-gradient":""},"tablet":{"background-color":"var(--ast-global-color-5)","background-image":"","background-repeat":"repeat","background-position":"center center","background-size":"auto","background-attachment":"scroll","background-type":"","background-media":"","overlay-type":"","overlay-color":"","overlay-opacity":"","overlay-gradient":""},"mobile":{"background-color":"var(--ast-global-color-5)","background-image":"","background-repeat":"repeat","background-position":"center center","background-size":"auto","background-attachment":"scroll","background-type":"","background-media":"","overlay-type":"","overlay-color":"","overlay-opacity":"","overlay-gradient":""}},"footnotes":""},"class_list":["post-3","page","type-page","status-publish","hentry"],"_links":{"self":[{"href":"https:\/\/tehranmarket.de\/fa\/wp-json\/wp\/v2\/pages\/3","targetHints":{"allow":["GET"]}}],"collection":[{"href":"https:\/\/tehranmarket.de\/fa\/wp-json\/wp\/v2\/pages"}],"about":[{"href":"https:\/\/tehranmarket.de\/fa\/wp-json\/wp\/v2\/types\/page"}],"author":[{"embeddable":true,"href":"https:\/\/tehranmarket.de\/fa\/wp-json\/wp\/v2\/users\/1"}],"replies":[{"embeddable":true,"href":"https:\/\/tehranmarket.de\/fa\/wp-json\/wp\/v2\/comments?post=3"}],"version-history":[{"count":20,"href":"https:\/\/tehranmarket.de\/fa\/wp-json\/wp\/v2\/pages\/3\/revisions"}],"predecessor-version":[{"id":9153,"href":"https:\/\/tehranmarket.de\/fa\/wp-json\/wp\/v2\/pages\/3\/revisions\/9153"}],"wp:attachment":[{"href":"https:\/\/tehranmarket.de\/fa\/wp-json\/wp\/v2\/media?parent=3"}],"curies":[{"name":"wp","href":"https:\/\/api.w.org\/{rel}","templated":true}]}}