{"id":9145,"date":"2026-05-09T09:25:57","date_gmt":"2026-05-09T09:25:57","guid":{"rendered":"https:\/\/tehranmarket.de\/?page_id=9145"},"modified":"2026-05-09T09:47:03","modified_gmt":"2026-05-09T09:47:03","slug":"impressum","status":"publish","type":"page","link":"https:\/\/tehranmarket.de\/fa\/impressum\/","title":{"rendered":"\u0627\u0637\u0644\u0627\u0639\u0627\u062a \u062d\u0642\u0648\u0642\u06cc \u0633\u0627\u06cc\u062a"},"content":{"rendered":"<p>\u0627\u0637\u0644\u0627\u0639\u0627\u062a \u0645\u0637\u0627\u0628\u0642 \u0628\u0627 \u00a7 5 \u0642\u0627\u0646\u0648\u0646 TMG \u0622\u0644\u0645\u0627\u0646<\/p>\n\n\n\n<p><strong>\u062a\u0647\u0631\u0627\u0646 \u0645\u0627\u0631\u06a9\u062a<\/strong><br>\u0641\u0631\u0648\u0634\u06af\u0627\u0647 \u0622\u0646\u0644\u0627\u06cc\u0646 \u0645\u0648\u0627\u062f \u063a\u0630\u0627\u06cc\u06cc \u0648 \u0645\u062d\u0635\u0648\u0644\u0627\u062a \u0627\u06cc\u0631\u0627\u0646\u06cc<\/p>\n\n\n\n<p><strong>\u0645\u0627\u0644\u06a9<\/strong><br>\u0645\u062c\u06cc\u062f \u0641\u0631\u062c\u06cc<\/p>\n\n\n\n<p><strong>\u0622\u062f\u0631\u0633<\/strong><br>Seckenheimer Str. 4, 68165 Mannheim, Deutschland<\/p>\n\n\n\n<p><strong>\u0627\u06cc\u0645\u06cc\u0644 :<\/strong><br><a>info@tehranmarket.de<\/a><\/p>\n\n\n\n<p><strong>\u062a\u0644\u0641\u0646 :<\/strong><br>+49 176 63753255<\/p>\n\n\n\n<p><strong>\u0645\u0633\u0626\u0648\u0644 \u0645\u062d\u062a\u0648\u0627\u06cc \u0633\u0627\u06cc\u062a \u0645\u0637\u0627\u0628\u0642 \u0628\u0627 \u00a7 55 \u0628\u0646\u062f 2 \u0642\u0627\u0646\u0648\u0646 RStV<\/strong><br>\u0645\u062c\u06cc\u062f \u0641\u0631\u062c\u06cc<\/p>\n\n\n\n<p><strong>\u0633\u0644\u0628 \u0645\u0633\u0626\u0648\u0644\u06cc\u062a<\/strong><br>\u0628\u0627 \u0648\u062c\u0648\u062f \u06a9\u0646\u062a\u0631\u0644 \u062f\u0642\u06cc\u0642 \u0648 \u0628\u0631\u0631\u0633\u06cc \u0645\u062d\u062a\u0648\u0627\u06cc \u0633\u0627\u06cc\u062a\u060c \u0645\u0627 \u0647\u06cc\u0686\u200c\u06af\u0648\u0646\u0647 \u0645\u0633\u0626\u0648\u0644\u06cc\u062a\u06cc \u062f\u0631 \u0642\u0628\u0627\u0644 \u0645\u062d\u062a\u0648\u0627\u06cc \u0644\u06cc\u0646\u06a9\u200c\u0647\u0627\u06cc \u062e\u0627\u0631\u062c\u06cc \u0628\u0631 \u0639\u0647\u062f\u0647 \u0646\u0645\u06cc\u200c\u06af\u06cc\u0631\u06cc\u0645. \u0645\u0633\u0626\u0648\u0644\u06cc\u062a \u0645\u062d\u062a\u0648\u0627\u06cc \u0635\u0641\u062d\u0627\u062a \u0644\u06cc\u0646\u06a9\u200c\u0634\u062f\u0647 \u0635\u0631\u0641\u0627\u064b \u0628\u0631 \u0639\u0647\u062f\u0647 \u0645\u062f\u06cc\u0631\u0627\u0646 \u0648 \u06af\u0631\u062f\u0627\u0646\u0646\u062f\u06af\u0627\u0646 \u0647\u0645\u0627\u0646 \u0635\u0641\u062d\u0627\u062a \u0645\u06cc\u200c\u0628\u0627\u0634\u062f.<\/p>","protected":false},"excerpt":{"rendered":"<p>Angaben gem\u00e4\u00df \u00a7 5 TMG Tehran MarketOnline-Shop f\u00fcr persische Lebensmittel und Produkte Inhaber:Majid Faraji Adresse:Seckenheimer Str. 4, 68165 Mannheim, Deutschland E-Mail:info@tehranmarket.de Telefon:+49 176 63753255 Verantwortlich f\u00fcr den Inhalt nach \u00a7 55 Abs. 2 RStV:Majid Faraji Haftungsausschluss:Trotz sorgf\u00e4ltiger inhaltlicher Kontrolle \u00fcbernehmen wir keine Haftung f\u00fcr die Inhalte externer Links. F\u00fcr den Inhalt der verlinkten Seiten sind [&hellip;]<\/p>\n","protected":false},"author":1,"featured_media":0,"parent":0,"menu_order":0,"comment_status":"closed","ping_status":"closed","template":"","meta":{"site-sidebar-layout":"default","site-content-layout":"","ast-site-content-layout":"default","site-content-style":"default","site-sidebar-style":"default","ast-global-header-display":"","ast-banner-title-visibility":"","ast-main-header-display":"","ast-hfb-above-header-display":"","ast-hfb-below-header-display":"","ast-hfb-mobile-header-display":"","site-post-title":"","ast-breadcrumbs-content":"","ast-featured-img":"","footer-sml-layout":"","ast-disable-related-posts":"","theme-transparent-header-meta":"","adv-header-id-meta":"","stick-header-meta":"","header-above-stick-meta":"","header-main-stick-meta":"","header-below-stick-meta":"","astra-migrate-meta-layouts":"set","ast-page-background-enabled":"default","ast-page-background-meta":{"desktop":{"background-color":"","background-image":"","background-repeat":"repeat","background-position":"center center","background-size":"auto","background-attachment":"scroll","background-type":"","background-media":"","overlay-type":"","overlay-color":"","overlay-opacity":"","overlay-gradient":""},"tablet":{"background-color":"","background-image":"","background-repeat":"repeat","background-position":"center center","background-size":"auto","background-attachment":"scroll","background-type":"","background-media":"","overlay-type":"","overlay-color":"","overlay-opacity":"","overlay-gradient":""},"mobile":{"background-color":"","background-image":"","background-repeat":"repeat","background-position":"center center","background-size":"auto","background-attachment":"scroll","background-type":"","background-media":"","overlay-type":"","overlay-color":"","overlay-opacity":"","overlay-gradient":""}},"ast-content-background-meta":{"desktop":{"background-color":"var(--ast-global-color-5)","background-image":"","background-repeat":"repeat","background-position":"center center","background-size":"auto","background-attachment":"scroll","background-type":"","background-media":"","overlay-type":"","overlay-color":"","overlay-opacity":"","overlay-gradient":""},"tablet":{"background-color":"var(--ast-global-color-5)","background-image":"","background-repeat":"repeat","background-position":"center center","background-size":"auto","background-attachment":"scroll","background-type":"","background-media":"","overlay-type":"","overlay-color":"","overlay-opacity":"","overlay-gradient":""},"mobile":{"background-color":"var(--ast-global-color-5)","background-image":"","background-repeat":"repeat","background-position":"center center","background-size":"auto","background-attachment":"scroll","background-type":"","background-media":"","overlay-type":"","overlay-color":"","overlay-opacity":"","overlay-gradient":""}},"footnotes":""},"class_list":["post-9145","page","type-page","status-publish","hentry"],"_links":{"self":[{"href":"https:\/\/tehranmarket.de\/fa\/wp-json\/wp\/v2\/pages\/9145","targetHints":{"allow":["GET"]}}],"collection":[{"href":"https:\/\/tehranmarket.de\/fa\/wp-json\/wp\/v2\/pages"}],"about":[{"href":"https:\/\/tehranmarket.de\/fa\/wp-json\/wp\/v2\/types\/page"}],"author":[{"embeddable":true,"href":"https:\/\/tehranmarket.de\/fa\/wp-json\/wp\/v2\/users\/1"}],"replies":[{"embeddable":true,"href":"https:\/\/tehranmarket.de\/fa\/wp-json\/wp\/v2\/comments?post=9145"}],"version-history":[{"count":2,"href":"https:\/\/tehranmarket.de\/fa\/wp-json\/wp\/v2\/pages\/9145\/revisions"}],"predecessor-version":[{"id":9154,"href":"https:\/\/tehranmarket.de\/fa\/wp-json\/wp\/v2\/pages\/9145\/revisions\/9154"}],"wp:attachment":[{"href":"https:\/\/tehranmarket.de\/fa\/wp-json\/wp\/v2\/media?parent=9145"}],"curies":[{"name":"wp","href":"https:\/\/api.w.org\/{rel}","templated":true}]}}