{"id":9150,"date":"2026-05-09T09:32:06","date_gmt":"2026-05-09T09:32:06","guid":{"rendered":"https:\/\/tehranmarket.de\/?page_id=9150"},"modified":"2026-05-11T08:42:40","modified_gmt":"2026-05-11T08:42:40","slug":"ruckgaberecht","status":"publish","type":"page","link":"https:\/\/tehranmarket.de\/fa\/ruckgaberecht\/","title":{"rendered":"\u0634\u0631\u0627\u06cc\u0637 \u0628\u0627\u0632\u06af\u0634\u062a \u06a9\u0627\u0644\u0627"},"content":{"rendered":"<p>Kunden haben das Recht, Produkte innerhalb von 7 Tagen nach Erhalt zur\u00fcckzugeben.<\/p>\n\n\n\n<p>\u06a9\u0627\u0644\u0627\u0647\u0627 \u0628\u0627\u06cc\u062f \u0627\u0633\u062a\u0641\u0627\u062f\u0647\u200c\u0646\u0634\u062f\u0647 \u0648 \u062f\u0631 \u0628\u0633\u062a\u0647\u200c\u0628\u0646\u062f\u06cc \u0627\u0635\u0644\u06cc \u062e\u0648\u062f \u0628\u0627\u0634\u0646\u062f. <\/p>\n\n\n\n<p>\u0645\u0648\u0627\u062f \u063a\u0630\u0627\u06cc\u06cc \u0641\u0627\u0633\u062f\u0634\u062f\u0646\u06cc \u0648 \u0645\u062d\u0635\u0648\u0644\u0627\u062a\u06cc \u06a9\u0647 \u0628\u0633\u062a\u0647\u200c\u0628\u0646\u062f\u06cc \u0622\u0646\u200c\u0647\u0627 \u0628\u0627\u0632 \u0634\u062f\u0647 \u0627\u0633\u062a\u060c \u0634\u0627\u0645\u0644 \u0634\u0631\u0627\u06cc\u0637 \u0628\u0627\u0632\u06af\u0634\u062a \u0646\u0645\u06cc\u200c\u0634\u0648\u0646\u062f.<\/p>\n\n\n\n<p>\u0628\u0631\u0627\u06cc \u0647\u0631\u06af\u0648\u0646\u0647 \u0633\u0624\u0627\u0644 \u06cc\u0627 \u0647\u0645\u0627\u0647\u0646\u06af\u06cc\u060c \u0644\u0637\u0641\u0627\u064b \u0627\u0632 \u0637\u0631\u06cc\u0642 \u0627\u06cc\u0645\u06cc\u0644 \u0632\u06cc\u0631 \u0628\u0627 \u0645\u0627 \u062a\u0645\u0627\u0633 \u0628\u06af\u06cc\u0631\u06cc\u062f:<br><a>info@tehranmarket.de<\/a><\/p>","protected":false},"excerpt":{"rendered":"<p>Kunden haben das Recht, Produkte innerhalb von 7 Tagen nach Erhalt zur\u00fcckzugeben. Die Produkte m\u00fcssen unbenutzt und originalverpackt sein. Von der R\u00fcckgabe ausgeschlossen sind verderbliche Lebensmittel und ge\u00f6ffnete Produkte. F\u00fcr R\u00fcckfragen kontaktieren Sie uns bitte unter:info@tehranmarket.de<\/p>","protected":false},"author":1,"featured_media":0,"parent":0,"menu_order":0,"comment_status":"closed","ping_status":"closed","template":"","meta":{"site-sidebar-layout":"default","site-content-layout":"","ast-site-content-layout":"default","site-content-style":"default","site-sidebar-style":"default","ast-global-header-display":"","ast-banner-title-visibility":"","ast-main-header-display":"","ast-hfb-above-header-display":"","ast-hfb-below-header-display":"","ast-hfb-mobile-header-display":"","site-post-title":"","ast-breadcrumbs-content":"","ast-featured-img":"","footer-sml-layout":"","ast-disable-related-posts":"","theme-transparent-header-meta":"","adv-header-id-meta":"","stick-header-meta":"","header-above-stick-meta":"","header-main-stick-meta":"","header-below-stick-meta":"","astra-migrate-meta-layouts":"set","ast-page-background-enabled":"default","ast-page-background-meta":{"desktop":{"background-color":"","background-image":"","background-repeat":"repeat","background-position":"center center","background-size":"auto","background-attachment":"scroll","background-type":"","background-media":"","overlay-type":"","overlay-color":"","overlay-opacity":"","overlay-gradient":""},"tablet":{"background-color":"","background-image":"","background-repeat":"repeat","background-position":"center center","background-size":"auto","background-attachment":"scroll","background-type":"","background-media":"","overlay-type":"","overlay-color":"","overlay-opacity":"","overlay-gradient":""},"mobile":{"background-color":"","background-image":"","background-repeat":"repeat","background-position":"center center","background-size":"auto","background-attachment":"scroll","background-type":"","background-media":"","overlay-type":"","overlay-color":"","overlay-opacity":"","overlay-gradient":""}},"ast-content-background-meta":{"desktop":{"background-color":"var(--ast-global-color-5)","background-image":"","background-repeat":"repeat","background-position":"center center","background-size":"auto","background-attachment":"scroll","background-type":"","background-media":"","overlay-type":"","overlay-color":"","overlay-opacity":"","overlay-gradient":""},"tablet":{"background-color":"var(--ast-global-color-5)","background-image":"","background-repeat":"repeat","background-position":"center center","background-size":"auto","background-attachment":"scroll","background-type":"","background-media":"","overlay-type":"","overlay-color":"","overlay-opacity":"","overlay-gradient":""},"mobile":{"background-color":"var(--ast-global-color-5)","background-image":"","background-repeat":"repeat","background-position":"center center","background-size":"auto","background-attachment":"scroll","background-type":"","background-media":"","overlay-type":"","overlay-color":"","overlay-opacity":"","overlay-gradient":""}},"footnotes":""},"class_list":["post-9150","page","type-page","status-publish","hentry"],"_links":{"self":[{"href":"https:\/\/tehranmarket.de\/fa\/wp-json\/wp\/v2\/pages\/9150","targetHints":{"allow":["GET"]}}],"collection":[{"href":"https:\/\/tehranmarket.de\/fa\/wp-json\/wp\/v2\/pages"}],"about":[{"href":"https:\/\/tehranmarket.de\/fa\/wp-json\/wp\/v2\/types\/page"}],"author":[{"embeddable":true,"href":"https:\/\/tehranmarket.de\/fa\/wp-json\/wp\/v2\/users\/1"}],"replies":[{"embeddable":true,"href":"https:\/\/tehranmarket.de\/fa\/wp-json\/wp\/v2\/comments?post=9150"}],"version-history":[{"count":3,"href":"https:\/\/tehranmarket.de\/fa\/wp-json\/wp\/v2\/pages\/9150\/revisions"}],"predecessor-version":[{"id":9422,"href":"https:\/\/tehranmarket.de\/fa\/wp-json\/wp\/v2\/pages\/9150\/revisions\/9422"}],"wp:attachment":[{"href":"https:\/\/tehranmarket.de\/fa\/wp-json\/wp\/v2\/media?parent=9150"}],"curies":[{"name":"wp","href":"https:\/\/api.w.org\/{rel}","templated":true}]}}